{"id":16108,"date":"2023-08-14T11:05:20","date_gmt":"2023-08-14T08:05:20","guid":{"rendered":"https:\/\/www.parksima.com.tr\/en\/?page_id=16108"},"modified":"2023-08-14T11:06:35","modified_gmt":"2023-08-14T08:06:35","slug":"iys","status":"publish","type":"page","link":"http:\/\/www.parksima.com.tr\/en\/iys\/","title":{"rendered":"IYS Confirmation Text"},"content":{"rendered":"\t\t<div data-elementor-type=\"wp-page\" data-elementor-id=\"16108\" class=\"elementor elementor-16108\" data-elementor-post-type=\"page\">\n\t\t\t\t\t\t<section class=\"elementor-section elementor-top-section elementor-element elementor-element-9ee7ee0 ang-section-padding-no elementor-section-boxed elementor-section-height-default elementor-section-height-default elementor-repeater-item-none elementor-repeater-item-none_hover\" data-id=\"9ee7ee0\" data-element_type=\"section\">\n\t\t\t\t\t\t<div class=\"elementor-container elementor-column-gap-default\">\n\t\t\t\t\t<div class=\"elementor-column elementor-col-100 elementor-top-column elementor-element elementor-element-c544e00 elementor-repeater-item-none elementor-repeater-item-none_hover\" data-id=\"c544e00\" data-element_type=\"column\">\n\t\t\t<div class=\"elementor-widget-wrap elementor-element-populated\">\n\t\t\t\t\t\t<section class=\"elementor-section elementor-inner-section elementor-element elementor-element-f0a2235 elementor-section-boxed ang-section-padding-initial elementor-section-height-default elementor-section-height-default elementor-repeater-item-none elementor-repeater-item-none_hover\" data-id=\"f0a2235\" data-element_type=\"section\">\n\t\t\t\t\t\t<div class=\"elementor-container elementor-column-gap-default\">\n\t\t\t\t\t<div class=\"elementor-column elementor-col-100 elementor-inner-column elementor-element elementor-element-7bb9ba9 elementor-repeater-item-none elementor-repeater-item-none_hover\" data-id=\"7bb9ba9\" data-element_type=\"column\">\n\t\t\t<div class=\"elementor-widget-wrap elementor-element-populated\">\n\t\t\t\t\t\t<div class=\"elementor-element elementor-element-e4085ed elementor-widget__width-auto elementor-repeater-item-none elementor-repeater-item-none_hover elementor-widget elementor-widget-hub_fancy_heading\" data-id=\"e4085ed\" data-element_type=\"widget\" data-widget_type=\"hub_fancy_heading.default\">\n\t\t\t\t<div class=\"elementor-widget-container\">\n\t\t\t\t\t\n\t\t<div id=\"ld-fancy-heading-69fd02a4c594b\" class=\"ld-fancy-heading pos-rel\">\n\t\t\t<p class=\"ld-fh-element d-inline-block pos-rel  lqd-highlight-classic lqd-highlight-grow-left p\"  > PARK S\u0130MA CLINIC<\/p>\t\t<\/div>\n\n\t\t\t\t\t\t<\/div>\n\t\t\t\t<\/div>\n\t\t\t\t<div class=\"elementor-element elementor-element-0f89292 elementor-repeater-item-none elementor-repeater-item-none_hover elementor-widget elementor-widget-hub_fancy_heading\" data-id=\"0f89292\" data-element_type=\"widget\" data-widget_type=\"hub_fancy_heading.default\">\n\t\t\t\t<div class=\"elementor-widget-container\">\n\t\t\t\t\t\n\t\t<div id=\"ld-fancy-heading-69fd02a4c616f\" class=\"ld-fancy-heading pos-rel\">\n\t\t\t<h1 class=\"ld-fh-element d-inline-block pos-rel  elementor-heading-title lqd-highlight-classic lqd-highlight-grow-left h2\"  > <span style=\"color: var(--e-global-color-secondary)\">IYS<\/span> <span style=\"font-weight:600\">CONFIRMATION<\/span><\/h1>\t\t<\/div>\n\n\t\t\t\t\t\t<\/div>\n\t\t\t\t<\/div>\n\t\t\t\t\t<\/div>\n\t\t<\/div>\n\t\t\t\t\t<\/div>\n\t\t<\/section>\n\t\t\t\t\t<\/div>\n\t\t<\/div>\n\t\t\t\t\t<\/div>\n\t\t<\/section>\n\t\t\t\t<section class=\"elementor-section elementor-top-section elementor-element elementor-element-5f475f2 ang-section-padding-no elementor-section-boxed elementor-section-height-default elementor-section-height-default elementor-repeater-item-none elementor-repeater-item-none_hover\" data-id=\"5f475f2\" data-element_type=\"section\" data-settings=\"{&quot;background_background&quot;:&quot;classic&quot;}\">\n\t\t\t\t\t\t<div class=\"elementor-container elementor-column-gap-default\">\n\t\t\t\t\t<div class=\"elementor-column elementor-col-100 elementor-top-column elementor-element elementor-element-f66fccd elementor-repeater-item-none elementor-repeater-item-none_hover\" data-id=\"f66fccd\" data-element_type=\"column\">\n\t\t\t<div class=\"elementor-widget-wrap elementor-element-populated\">\n\t\t\t\t\t\t<div class=\"elementor-element elementor-element-5524e5f kvkk-text elementor-repeater-item-none elementor-repeater-item-none_hover elementor-widget elementor-widget-text-editor\" data-id=\"5524e5f\" data-element_type=\"widget\" data-widget_type=\"text-editor.default\">\n\t\t\t\t<div class=\"elementor-widget-container\">\n\t\t\t\t\t\t\t\t\t<strong>PARK S\u0130MA SA\u011eLIKLI ZAYIFLAMA VE ESTET\u0130K MERKEZ\u0130 A.\u015e.<\/strong> ( Bundan b\u00f6yle birlikte \u201cPark Sima\u201d olarak an\u0131lacakt\u0131r.) taraf\u0131ndan https:\/\/www.parksima.com.tr web sitesi, telefon, \u00e7a\u011fr\u0131 merkezleri, faks, otomatik arama makineleri, ak\u0131ll\u0131 ses kaydedici sistemler, elektronik posta, k\u0131sa mesaj hizmeti gibi vas\u0131talarla yeni \u00fcr\u00fcnler ve kampanyalar\u0131n tan\u0131t\u0131m\u0131 ba\u015fta olmak \u00fczere, taraf\u0131ma ticari elektronik ileti g\u00f6nderilmesi amac\u0131yla Park Sima ile payla\u015fm\u0131\u015f oldu\u011fum veya ilerleyen d\u00f6nemlerde payla\u015faca\u011f\u0131m telefon ve eposta ve mobil uygulamalar arac\u0131l\u0131\u011f\u0131yla adresimin kullan\u0131lmas\u0131na ve i\u015fbu ileti\u015fim ara\u00e7lar\u0131 ile \u015fahs\u0131mla ileti\u015fime ge\u00e7ilmesine, bu kapsamda payla\u015fm\u0131\u015f oldu\u011fum bilgilerin Park Sima taraf\u0131ndan saklanmas\u0131na, kullan\u0131lmas\u0131na ve ticari elektronik iletinin i\u00e7eri\u011finin ve g\u00f6nderiye ili\u015fkin di\u011fer kay\u0131tlar\u0131n gerekti\u011finde G\u00fcmr\u00fck ve Ticaret Bakanl\u0131\u011f\u0131\u2019na sunulmak \u00fczere kay\u0131t alt\u0131na al\u0131narak saklanmas\u0131na onay veriyorum. \u0130\u015fbu Ticari Elektronik \u0130leti https:\/\/www.parksima.com.tr adresindeki Park Sima Ki\u015fisel Verilerin Korunmas\u0131 Kanunu Politikas\u0131 ve Ki\u015fisel Verilerin Korunmas\u0131 Kanunu Ayd\u0131nlatma Metni\u2019 nin ayr\u0131lmaz bir par\u00e7as\u0131d\u0131r.\t\t\t\t\t\t\t\t<\/div>\n\t\t\t\t<\/div>\n\t\t\t\t\t<\/div>\n\t\t<\/div>\n\t\t\t\t\t<\/div>\n\t\t<\/section>\n\t\t\t\t<\/div>\n\t\t","protected":false},"excerpt":{"rendered":"<p>PARK S\u0130MA CLINIC IYS CONFIRMATION PARK S\u0130MA SA\u011eLIKLI ZAYIFLAMA VE ESTET\u0130K MERKEZ\u0130 A.\u015e. ( Bundan b\u00f6yle birlikte \u201cPark Sima\u201d olarak an\u0131lacakt\u0131r.) taraf\u0131ndan https:\/\/www.parksima.com.tr web sitesi, telefon, \u00e7a\u011fr\u0131 merkezleri, faks, otomatik arama makineleri, ak\u0131ll\u0131 ses kaydedici sistemler, elektronik posta, k\u0131sa mesaj hizmeti gibi vas\u0131talarla yeni \u00fcr\u00fcnler ve kampanyalar\u0131n tan\u0131t\u0131m\u0131 ba\u015fta olmak \u00fczere, taraf\u0131ma ticari elektronik ileti [&hellip;]<\/p>\n","protected":false},"author":1,"featured_media":0,"parent":0,"menu_order":0,"comment_status":"closed","ping_status":"closed","template":"","meta":{"om_disable_all_campaigns":false,"footnotes":""},"class_list":["post-16108","page","type-page","status-publish","hentry"],"_links":{"self":[{"href":"https:\/\/www.parksima.com.tr\/en\/wp-json\/wp\/v2\/pages\/16108","targetHints":{"allow":["GET"]}}],"collection":[{"href":"https:\/\/www.parksima.com.tr\/en\/wp-json\/wp\/v2\/pages"}],"about":[{"href":"https:\/\/www.parksima.com.tr\/en\/wp-json\/wp\/v2\/types\/page"}],"author":[{"embeddable":true,"href":"https:\/\/www.parksima.com.tr\/en\/wp-json\/wp\/v2\/users\/1"}],"replies":[{"embeddable":true,"href":"https:\/\/www.parksima.com.tr\/en\/wp-json\/wp\/v2\/comments?post=16108"}],"version-history":[{"count":0,"href":"https:\/\/www.parksima.com.tr\/en\/wp-json\/wp\/v2\/pages\/16108\/revisions"}],"wp:attachment":[{"href":"https:\/\/www.parksima.com.tr\/en\/wp-json\/wp\/v2\/media?parent=16108"}],"curies":[{"name":"wp","href":"https:\/\/api.w.org\/{rel}","templated":true}]}}