{"id":449,"date":"2021-08-25T12:32:09","date_gmt":"2021-08-25T12:32:09","guid":{"rendered":"https:\/\/architecturehub.liquid-themes.com\/elementor\/?page_id=449"},"modified":"2023-06-09T18:37:36","modified_gmt":"2023-06-09T15:37:36","slug":"blog","status":"publish","type":"page","link":"http:\/\/www.parksima.com.tr\/en\/blog\/","title":{"rendered":"Blog"},"content":{"rendered":"\t\t<div data-elementor-type=\"wp-page\" data-elementor-id=\"449\" class=\"elementor elementor-449\" data-elementor-post-type=\"page\">\n\t\t\t\t\t\t<section class=\"elementor-section elementor-top-section elementor-element elementor-element-11682f1 ang-section-padding-no elementor-section-boxed elementor-section-height-default elementor-section-height-default elementor-repeater-item-none elementor-repeater-item-none_hover\" data-id=\"11682f1\" data-element_type=\"section\">\n\t\t\t\t\t\t<div class=\"elementor-container elementor-column-gap-default\">\n\t\t\t\t\t<div class=\"elementor-column elementor-col-100 elementor-top-column elementor-element elementor-element-c027ecb elementor-repeater-item-none elementor-repeater-item-none_hover\" data-id=\"c027ecb\" data-element_type=\"column\">\n\t\t\t<div class=\"elementor-widget-wrap elementor-element-populated\">\n\t\t\t\t\t\t<section class=\"elementor-section elementor-inner-section elementor-element elementor-element-23a42f9 elementor-section-boxed ang-section-padding-initial elementor-section-height-default elementor-section-height-default elementor-repeater-item-none elementor-repeater-item-none_hover\" data-id=\"23a42f9\" data-element_type=\"section\">\n\t\t\t\t\t\t<div class=\"elementor-container elementor-column-gap-default\">\n\t\t\t\t\t<div class=\"elementor-column elementor-col-50 elementor-inner-column elementor-element elementor-element-bb983e7 elementor-repeater-item-none elementor-repeater-item-none_hover\" data-id=\"bb983e7\" data-element_type=\"column\">\n\t\t\t<div class=\"elementor-widget-wrap elementor-element-populated\">\n\t\t\t\t\t\t<div class=\"elementor-element elementor-element-f95c18d elementor-widget__width-auto elementor-repeater-item-none elementor-repeater-item-none_hover elementor-widget elementor-widget-hub_fancy_heading\" data-id=\"f95c18d\" data-element_type=\"widget\" data-widget_type=\"hub_fancy_heading.default\">\n\t\t\t\t<div class=\"elementor-widget-container\">\n\t\t\t\t\t\n\t\t<div id=\"ld-fancy-heading-69f3cada8f040\" class=\"ld-fancy-heading pos-rel\">\n\t\t\t<p class=\"ld-fh-element d-inline-block pos-rel  lqd-highlight-classic lqd-highlight-grow-left p\"  > BLOG<\/p>\t\t<\/div>\n\n\t\t\t\t\t\t<\/div>\n\t\t\t\t<\/div>\n\t\t\t\t<div class=\"elementor-element elementor-element-fc9dbf0 elementor-repeater-item-none elementor-repeater-item-none_hover elementor-widget elementor-widget-hub_fancy_heading\" data-id=\"fc9dbf0\" data-element_type=\"widget\" data-widget_type=\"hub_fancy_heading.default\">\n\t\t\t\t<div class=\"elementor-widget-container\">\n\t\t\t\t\t\n\t\t<div id=\"ld-fancy-heading-69f3cada8f83b\" class=\"ld-fancy-heading pos-rel\">\n\t\t\t<h1 class=\"ld-fh-element d-inline-block pos-rel  elementor-heading-title lqd-highlight-classic lqd-highlight-grow-left h4\"  > <span style=\"color: var(--e-global-color-secondary)\">GOLDEN <\/span> \n<span style=\"font-weight:600\">RECOMMENDATIONS<\/span><\/h1>\t\t<\/div>\n\n\t\t\t\t\t\t<\/div>\n\t\t\t\t<\/div>\n\t\t\t\t\t<\/div>\n\t\t<\/div>\n\t\t\t\t<div class=\"elementor-column elementor-col-50 elementor-inner-column elementor-element elementor-element-5415a0a elementor-repeater-item-none elementor-repeater-item-none_hover\" data-id=\"5415a0a\" data-element_type=\"column\">\n\t\t\t<div class=\"elementor-widget-wrap elementor-element-populated\">\n\t\t\t\t\t\t<div class=\"elementor-element elementor-element-f121f9e elementor-repeater-item-none elementor-repeater-item-none_hover elementor-widget elementor-widget-hub_fancy_heading\" data-id=\"f121f9e\" data-element_type=\"widget\" data-widget_type=\"hub_fancy_heading.default\">\n\t\t\t\t<div class=\"elementor-widget-container\">\n\t\t\t\t\t\n\t\t<div id=\"ld-fancy-heading-69f3cada8fec0\" class=\"ld-fancy-heading pos-rel\">\n\t\t\t<p class=\"ld-fh-element d-inline-block pos-rel  lqd-highlight-classic lqd-highlight-grow-left p\"  > Blog posts by Nutritionist G\u00fcl\u015fen Alt\u0131n and Dietitian G\u00f6k\u00e7e Kap\u00e7ak meet you!<\/p>\t\t<\/div>\n\n\t\t\t\t\t\t<\/div>\n\t\t\t\t<\/div>\n\t\t\t\t\t<\/div>\n\t\t<\/div>\n\t\t\t\t\t<\/div>\n\t\t<\/section>\n\t\t\t\t\t<\/div>\n\t\t<\/div>\n\t\t\t\t\t<\/div>\n\t\t<\/section>\n\t\t\t\t<section class=\"elementor-section elementor-top-section elementor-element elementor-element-a5ed783 ang-section-padding-no elementor-section-boxed elementor-section-height-default elementor-section-height-default elementor-repeater-item-none elementor-repeater-item-none_hover\" data-id=\"a5ed783\" data-element_type=\"section\">\n\t\t\t\t\t\t<div class=\"elementor-container elementor-column-gap-default\">\n\t\t\t\t\t<div class=\"elementor-column elementor-col-100 elementor-top-column elementor-element elementor-element-a707637 elementor-repeater-item-none elementor-repeater-item-none_hover\" data-id=\"a707637\" data-element_type=\"column\">\n\t\t\t<div class=\"elementor-widget-wrap elementor-element-populated\">\n\t\t\t\t\t\t<div data-custom-animations=\"true\" data-ca-options=\"{&quot;addChildTimelines&quot;:false,&quot;trigger&quot;:&quot;firstChild&quot;,&quot;animationTarget&quot;:&quot;:scope &gt; .elementor-widget-container&quot;,&quot;ease&quot;:[&quot;power4.out&quot;],&quot;initValues&quot;:{&quot;x&quot;:&quot;500px&quot;,&quot;transformOrigin&quot;:&quot;50% 50% 0px&quot;},&quot;animations&quot;:{&quot;x&quot;:&quot;0px&quot;,&quot;transformOrigin&quot;:&quot;50% 50% 0px&quot;}}\" class=\"elementor-element elementor-element-384bb7f home-blog-style-01 filter-style elementor-repeater-item-none elementor-repeater-item-none_hover elementor-widget elementor-widget-ld_blog\" data-id=\"384bb7f\" data-element_type=\"widget\" id=\"home-blog-style-01\" data-widget_type=\"ld_blog.default\">\n\t\t\t\t<div class=\"elementor-widget-container\">\n\t\t\t\t\t<div class=\"lqd-lp-grid 384bb7f blog-id-59030399 \">\r\n<div class=\"row\">\r\n\t<div class=\"col-md-12\">\t\t\t\t\t\r\n\t\t<div class=\"liquid-filter-items align-items-center\">\t\r\n\t\t\t<div class=\"liquid-filter-items\">\r\n\t\t\t\t\r\n\t\t\t\t\t\t\t\t\t<span class=\"liquid-filter-items-label   \">Categories<\/span>\r\n\t\t\t\t\r\n\t\t\t\t<ul class=\"filter-list filter-list-inline       d-flex align-items-center hidden-xs hidden-sm\" id=\"lqd-1610025374665-aadb0b2b-c0c9\">\r\n\t\t\t\t\t<li class=\"active\" data-filter=\"*\"><span>All<\/span><\/li>\r\n\t\t\t\t\t<li data-filter=\".lqd-f-2\"><span>Ameliyats\u0131z Y\u00fcz\/Cilt Germe<\/span><\/li><li data-filter=\".lqd-f-3\"><span>B\u00f6lgesel Zay\u0131flama<\/span><\/li><li data-filter=\".lqd-f-4\"><span>Diyet ile Zay\u0131flama<\/span><\/li><li data-filter=\".lqd-f-5\"><span>Diyet Yemek Tarifleri<\/span><\/li><li data-filter=\".lqd-f-1\"><span>Genel<\/span><\/li><li data-filter=\".lqd-f-6\"><span>Hastal\u0131klara Y\u00f6nelik Destek<\/span><\/li><li data-filter=\".lqd-f-7\"><span>Koruyucu ve \u00d6nleyici T\u0131p<\/span><\/li><li data-filter=\".lqd-f-8\"><span>\u00d6zel Destek Programlar\u0131<\/span><\/li><li data-filter=\".lqd-f-9\"><span>Spor ile Zay\u0131flama<\/span><\/li><li data-filter=\".lqd-f-10\"><span>Zay\u0131flama ve G\u00fczellik Cihazlar\u0131<\/span><\/li>\t\t\t\t<\/ul>\r\n\r\n\t\t\t\t<div class=\"lqd-filter-dropdown visible-xs visible-sm\" data-form-options='{ \"dropdownAppendTo\": \"self\" }'>\r\n\t\t\t\t\t<select name=\"lqd-filter-dropdown-lqd-1610025374665-aadb0b2b-c0c9\" id=\"lqd-filter-dropdown-lqd-1610025374665-aadb0b2b-c0c9\">\r\n\t\t\t\t\t\t<option selected data-filter=\"*\" value=\"*\">All<\/option>\r\n\t\t\t\t\t\t<option data-filter=\".lqd-f-\" value=\".lqd-f-\">Ameliyats\u0131z Y\u00fcz\/Cilt Germe<\/option><option data-filter=\".lqd-f-\" value=\".lqd-f-\">B\u00f6lgesel Zay\u0131flama<\/option><option data-filter=\".lqd-f-\" value=\".lqd-f-\">Diyet ile Zay\u0131flama<\/option><option data-filter=\".lqd-f-\" value=\".lqd-f-\">Diyet Yemek Tarifleri<\/option><option data-filter=\".lqd-f-\" value=\".lqd-f-\">Genel<\/option><option data-filter=\".lqd-f-\" value=\".lqd-f-\">Hastal\u0131klara Y\u00f6nelik Destek<\/option><option data-filter=\".lqd-f-\" value=\".lqd-f-\">Koruyucu ve \u00d6nleyici T\u0131p<\/option><option data-filter=\".lqd-f-\" value=\".lqd-f-\">\u00d6zel Destek Programlar\u0131<\/option><option data-filter=\".lqd-f-\" value=\".lqd-f-\">Spor ile Zay\u0131flama<\/option><option data-filter=\".lqd-f-\" value=\".lqd-f-\">Zay\u0131flama ve G\u00fczellik Cihazlar\u0131<\/option>\t\t\t\t\t<\/select>\r\n\t\t\t\t<\/div>\r\n\t\t\t\t\t\r\n\t\t\t\t\t\t\t\t\t\r\n\t\t\t\t\t\r\n\t\t\t<\/div>\r\n\t\t<\/div>\r\n\t<\/div>\r\n<\/div><div class=\"lqd-lp-row row pos-rel d-flex flex-wrap\"  data-liquid-masonry=\"true\" data-masonry-options=\"{&quot;filtersID&quot;:&quot;#lqd-1610025374665-aadb0b2b-c0c9&quot;,&quot;itemSelector&quot;:&quot;.lqd-lp-column&quot;,&quot;layoutMode&quot;:&quot;packery&quot;}\"><\/div><!--\/ .row --><\/div><!--\/ .lqd-lp-grid -->\t\t\t\t<\/div>\n\t\t\t\t<\/div>\n\t\t\t\t\t<\/div>\n\t\t<\/div>\n\t\t\t\t\t<\/div>\n\t\t<\/section>\n\t\t\t\t<\/div>\n\t\t","protected":false},"excerpt":{"rendered":"<p>BLOG GOLDEN RECOMMENDATIONS Blog posts by Nutritionist G\u00fcl\u015fen Alt\u0131n and Dietitian G\u00f6k\u00e7e Kap\u00e7ak meet you! Categories All Ameliyats\u0131z Y\u00fcz\/Cilt Germe B\u00f6lgesel Zay\u0131flama Diyet ile Zay\u0131flama Diyet Yemek Tarifleri Genel Hastal\u0131klara Y\u00f6nelik Destek Koruyucu ve \u00d6nleyici T\u0131p \u00d6zel Destek Programlar\u0131 Spor ile Zay\u0131flama Zay\u0131flama ve G\u00fczellik Cihazlar\u0131 AllAmeliyats\u0131z Y\u00fcz\/Cilt GermeB\u00f6lgesel Zay\u0131flamaDiyet ile Zay\u0131flamaDiyet Yemek TarifleriGenelHastal\u0131klara Y\u00f6nelik [&hellip;]<\/p>\n","protected":false},"author":1,"featured_media":0,"parent":0,"menu_order":0,"comment_status":"closed","ping_status":"closed","template":"","meta":{"om_disable_all_campaigns":false,"footnotes":""},"class_list":["post-449","page","type-page","status-publish","hentry"],"_links":{"self":[{"href":"https:\/\/www.parksima.com.tr\/en\/wp-json\/wp\/v2\/pages\/449","targetHints":{"allow":["GET"]}}],"collection":[{"href":"https:\/\/www.parksima.com.tr\/en\/wp-json\/wp\/v2\/pages"}],"about":[{"href":"https:\/\/www.parksima.com.tr\/en\/wp-json\/wp\/v2\/types\/page"}],"author":[{"embeddable":true,"href":"https:\/\/www.parksima.com.tr\/en\/wp-json\/wp\/v2\/users\/1"}],"replies":[{"embeddable":true,"href":"https:\/\/www.parksima.com.tr\/en\/wp-json\/wp\/v2\/comments?post=449"}],"version-history":[{"count":0,"href":"https:\/\/www.parksima.com.tr\/en\/wp-json\/wp\/v2\/pages\/449\/revisions"}],"wp:attachment":[{"href":"https:\/\/www.parksima.com.tr\/en\/wp-json\/wp\/v2\/media?parent=449"}],"curies":[{"name":"wp","href":"https:\/\/api.w.org\/{rel}","templated":true}]}}